{"id":12,"date":"2019-01-24T18:09:02","date_gmt":"2019-01-24T17:09:02","guid":{"rendered":"http:\/\/hegering-plettenberg.de\/?page_id=12"},"modified":"2020-05-30T14:57:44","modified_gmt":"2020-05-30T13:57:44","slug":"junge-jaeger","status":"publish","type":"page","link":"https:\/\/hegering-plettenberg.de\/?page_id=12","title":{"rendered":"Junge J\u00e4ger"},"content":{"rendered":"\n<p><strong>Sie haben soeben die J\u00e4gerpr\u00fcfung erfolgreich absolviert und suchen nun jagdlichen Anschluss? Dann sind Sie bei uns genau richtig!<\/strong><\/p>\n\n\n\n<p>Wir w\u00fcnschen allen Jungj\u00e4gerinnen und -J\u00e4gern herzlichen Gl\u00fcckwunsch und ein kr\u00e4ftiges Waidmannsheil zur bestandenen J\u00e4gerpr\u00fcfung. Bei uns im Hegering werden Sie mit offenen Armen, Willkommen gehei\u00dfen und durch eine stilvolle Veranstaltung, genannt J\u00e4gerschlag,\u00a0offiziell in die jagdliche Gemeinschaft aufgenommen. Sie werden somit Mitglied im Hegering Plettenberg.<\/p>\n\n\n\n<p><strong>Welche Vorteile habe ich als Jungj\u00e4ger durch die Hegeringmitgliedschaft?\u00a0<\/strong><\/p>\n\n\n\n<p>Eine Mitgliedschaft im Hegering, sowie in der Untergruppierung der Jungj\u00e4ger macht durchaus Sinn, um einen gesellschaftlichen Anschluss an ortsans\u00e4ssige J\u00e4gerinnen und -J\u00e4ger und an deren Reviere zu bekommen.\u00a0Es fallen im Jahresablauf jede Menge Revierarbeiten an, bei denen die P\u00e4chter und J\u00e4ger gerne tatkr\u00e4ftige Unterst\u00fctzung\u00a0h\u00e4tten und brauchen. Da w\u00e4ren: Kanzelbau, Pirschwege\u00a0anlegen Kirrungen best\u00fccken, Wildsch\u00e4denbeseitigung, Kitzsuche,&#8230; .Wer sich hier\u00a0als engagiert, hilfsbereit, zuverl\u00e4ssig \u00a0und teamf\u00e4hig beweist, der hat gute Chancen als Dank auf den Ansitz mitgenommen zu werden\u00a0oder zu einer Dr\u00fcckjagd eingeladen zu werden. <\/p>\n\n\n\n<p>Zudem berechtigt Sie die Mitgliedschaft an offiziellen Veranstaltungen des Hegering Plettenberg, wie z. B. der Jahreshauptversammlung und der Troph\u00e4enschau, dem Hegeringfest oder dem Jahresnadelschie\u00dfen aktiv teilnehmen zu d\u00fcrfen. Solche\u00a0Abende und Treffen eigenen sich besonders um den ein oder anderen Kontakt zu schlie\u00dfen oder zu vertiefen. <\/p>\n\n\n\n<p>Nat\u00fcrlich kann man als Jungj\u00e4ger auch dem Hegeringeigenen Bl\u00e4sercorps beitreten, um das traditionelle Jagdhornblasen\u00a0fachm\u00e4nnisch zu erlernen und auszu\u00fcben.\u00a0<\/p>\n\n\n\n<p><strong>Was machen die Jungj\u00e4ger?<\/strong>\u00a0\u00a0<\/p>\n\n\n\n<p>Die Jungj\u00e4ger unseres Hegering haben in der Vergangenheit bereits einiges gemeinsam erlebt und auf die Beine gestellt. Diese Aktionen reichten von einem Zerwirk- und Troph\u00e4enaufbereitsungsseminar, \u00fcber\u00a0das Stellen einer Treiberwehr bei Dr\u00fcckjagden, Schie\u00dfstandbesuche und Ansitzjagden auf Fuchs und Sau zur Wildschadensvorbeugung.\u00a0 F\u00fcr die Zukunft sind weitere attraktive Aktionen geplant. Gerne d\u00fcrfen Sie hier auch ihre W\u00fcnsche und Ideen mit einbringen<\/p>\n\n\n\n<p><strong>Wer gilt als Jungj\u00e4ger?\u00a0<\/strong><\/p>\n\n\n\n<p>Offiziell z\u00e4hlen diejenigen zu den\u00a0Jungj\u00e4gern, welche soeben ihre Jagdpr\u00fcfung bestanden haben und unter 30 Jahren sind. Jedoch\u00a0erweitern wir hier die Vorgaben gerne und bei uns z\u00e4hlen folglich alle\u00a0Jagdscheinneuinhaber jeden Alters\u00a0zu den J\u00fcngj\u00e4gern und das, \u00a0so lange wie sie m\u00f6chten. <\/p>\n\n\n\n<p><strong>Wer sind\u00a0die Ansprechpartner?<\/strong><\/p>\n\n\n\n<p>Offizieller Ansprechpartner sind zum einen der erste Vorsitzende, sowie der Jungj\u00e4gerbeauftragte. Selbstverst\u00e4ndlich leiten aber auch alle anderen Vorstandsmitglieder und Mitglieder des Hegering\u00a0auf Wunsch Ihre Kontaktdaten an die Verantwortlichen weiter. Alle Kontaktdaten finden Sie auf unserer Homepage-> Vorstand.<\/p>\n\n\n\n<p><strong>Wann kann man Mitglied im Hegering werden?<\/strong> <\/p>\n\n\n\n<p>Generell kann man zu jeder Zeit Mitglied werden, sofern man seine Mitgliedserkl\u00e4rung ausgef\u00fcllt und unterschrieben dem Vorsitzenden\u00a0wieder \u00fcbergeben hat.\u00a0Ab dem Zeitpunkt kann es sofort mit dem Engagement los gehen und aktiv an den Veranstaltungen teil genommen werden. Der J\u00e4gerschlag findet aus organisatorischen Gr\u00fcnden jedoch nur einmal im Jahr, f\u00fcr alle gesammelt im festlichen Rahmen statt.<\/p>\n\n\n\n<p><strong>Neugierig geworden?<\/strong><\/p>\n\n\n\n<p>\u00a0\u00a0&#8230;dann kontaktieren Sie uns jederzeit gerne per Mail oder telefonisch. Wir freuen uns auf Sie. Waidmannsheil.<\/p>\n","protected":false},"excerpt":{"rendered":"<p>Sie haben soeben die J\u00e4gerpr\u00fcfung erfolgreich absolviert und suchen nun jagdlichen Anschluss? Dann sind Sie bei uns genau richtig! Wir w\u00fcnschen allen Jungj\u00e4gerinnen und -J\u00e4gern herzlichen Gl\u00fcckwunsch und ein kr\u00e4ftiges &hellip; <\/p>\n<p class=\"link-more\"><a href=\"https:\/\/hegering-plettenberg.de\/?page_id=12\" class=\"more-link\"><span class=\"screen-reader-text\">\u201eJunge J\u00e4ger\u201c <\/span>weiterlesen<\/a><\/p>\n","protected":false},"author":1,"featured_media":0,"parent":0,"menu_order":0,"comment_status":"closed","ping_status":"closed","template":"","meta":{"ngg_post_thumbnail":0,"footnotes":""},"class_list":["post-12","page","type-page","status-publish","hentry"],"_links":{"self":[{"href":"https:\/\/hegering-plettenberg.de\/index.php?rest_route=\/wp\/v2\/pages\/12","targetHints":{"allow":["GET"]}}],"collection":[{"href":"https:\/\/hegering-plettenberg.de\/index.php?rest_route=\/wp\/v2\/pages"}],"about":[{"href":"https:\/\/hegering-plettenberg.de\/index.php?rest_route=\/wp\/v2\/types\/page"}],"author":[{"embeddable":true,"href":"https:\/\/hegering-plettenberg.de\/index.php?rest_route=\/wp\/v2\/users\/1"}],"replies":[{"embeddable":true,"href":"https:\/\/hegering-plettenberg.de\/index.php?rest_route=%2Fwp%2Fv2%2Fcomments&post=12"}],"version-history":[{"count":0,"href":"https:\/\/hegering-plettenberg.de\/index.php?rest_route=\/wp\/v2\/pages\/12\/revisions"}],"wp:attachment":[{"href":"https:\/\/hegering-plettenberg.de\/index.php?rest_route=%2Fwp%2Fv2%2Fmedia&parent=12"}],"curies":[{"name":"wp","href":"https:\/\/api.w.org\/{rel}","templated":true}]}}