{"id":33,"date":"2019-01-24T18:11:53","date_gmt":"2019-01-24T17:11:53","guid":{"rendered":"http:\/\/hegering-plettenberg.de\/?page_id=33"},"modified":"2026-04-14T11:05:45","modified_gmt":"2026-04-14T09:05:45","slug":"jungjaegerkurs","status":"publish","type":"page","link":"https:\/\/hegering-plettenberg.de\/?page_id=33","title":{"rendered":"Jungj\u00e4gerkurs"},"content":{"rendered":"\n<figure class=\"wp-block-image is-resized\"><img loading=\"lazy\" decoding=\"async\" width=\"1024\" height=\"683\" src=\"https:\/\/hegering-plettenberg.de\/wp-content\/uploads\/2018\/07\/wildlife-1367217_1920-1024x683.jpg\" alt=\"\" class=\"wp-image-6\" style=\"width:437px;height:291px\" srcset=\"https:\/\/hegering-plettenberg.de\/wp-content\/uploads\/2018\/07\/wildlife-1367217_1920-1024x683.jpg 1024w, https:\/\/hegering-plettenberg.de\/wp-content\/uploads\/2018\/07\/wildlife-1367217_1920-300x200.jpg 300w, https:\/\/hegering-plettenberg.de\/wp-content\/uploads\/2018\/07\/wildlife-1367217_1920-768x512.jpg 768w, https:\/\/hegering-plettenberg.de\/wp-content\/uploads\/2018\/07\/wildlife-1367217_1920.jpg 1920w\" sizes=\"auto, (max-width: 767px) 89vw, (max-width: 1000px) 54vw, (max-width: 1071px) 543px, 580px\" \/><figcaption class=\"wp-element-caption\">Um welches Tier es sich hier handelt, erfahren Sie&nbsp;im neuen&nbsp;Jagdkurs.<\/figcaption><\/figure>\n\n\n\n<p><strong>Warum einen Jagdkurs machen? <\/strong>F\u00fcr alle Jagdliebhaber und Naturinteressierte, die tiefer in die Thematiken Wild-, Pflanzen- und Baumkunde, vorallem aber der Jagd ansich, eintauchen m\u00f6chten, ist der Jagdkurs genau das Richtige. Neben den Wildbiologischen Aspekten, sind auch landwirtschaftliche Themen, die F\u00e4cher Hundewesen, Jagdrecht, Wildhygiene und Wildkrankheiten relevant, aber auch die jagdlichen Lernfelder der Waffenhandhabung, Verhalten vorm\/beim und nach dem Schuss, als auch das Brauchtum, wichtig. <em><strong>Generell gilt:<\/strong><\/em> um die Jagd aus\u00fcben zu k\u00f6nnen, ist der Besitz eines Jagdscheins  notwendig. F\u00fcr den Erwerb dieses Jagdscheines ist das Ablegen der J\u00e4gerpr\u00fcfung erforderlich. <\/p>\n\n\n\n<p><strong>Wie wird unterrichtet? <\/strong>Die theoretischen Inhalte, werden multimedial, mittels Pr\u00e4peraten&nbsp;und mit einem ausgew\u00e4hlten Fachbuch vermittelt. Erg\u00e4nzend dazu sind auch die praktischen Kurstage auf dem Schie\u00dfstand oder aber im Revier von besonderer Bedeutung.<\/p>\n\n\n\n<p><strong>Infos und Adressen: <\/strong>Alle weiteren Informationen sind hier beim Vorstand, bei den Jagdkursausbildern oder aber am ersten Abend des neuen Jagdkurses zu bekommen. Wir w\u00fcnschen Ihnen viel Freude und vorallem ein kr\u00e4ftiges Waidmannsheil.<\/p>\n\n\n\n<p><\/p>\n","protected":false},"excerpt":{"rendered":"<p>Warum einen Jagdkurs machen? F\u00fcr alle Jagdliebhaber und Naturinteressierte, die tiefer in die Thematiken Wild-, Pflanzen- und Baumkunde, vorallem aber der Jagd ansich, eintauchen m\u00f6chten, ist der Jagdkurs genau das &hellip; <\/p>\n<p class=\"link-more\"><a href=\"https:\/\/hegering-plettenberg.de\/?page_id=33\" class=\"more-link\"><span class=\"screen-reader-text\">\u201eJungj\u00e4gerkurs\u201c <\/span>weiterlesen<\/a><\/p>\n","protected":false},"author":1,"featured_media":0,"parent":0,"menu_order":0,"comment_status":"closed","ping_status":"closed","template":"","meta":{"ngg_post_thumbnail":0,"footnotes":""},"class_list":["post-33","page","type-page","status-publish","hentry"],"_links":{"self":[{"href":"https:\/\/hegering-plettenberg.de\/index.php?rest_route=\/wp\/v2\/pages\/33","targetHints":{"allow":["GET"]}}],"collection":[{"href":"https:\/\/hegering-plettenberg.de\/index.php?rest_route=\/wp\/v2\/pages"}],"about":[{"href":"https:\/\/hegering-plettenberg.de\/index.php?rest_route=\/wp\/v2\/types\/page"}],"author":[{"embeddable":true,"href":"https:\/\/hegering-plettenberg.de\/index.php?rest_route=\/wp\/v2\/users\/1"}],"replies":[{"embeddable":true,"href":"https:\/\/hegering-plettenberg.de\/index.php?rest_route=%2Fwp%2Fv2%2Fcomments&post=33"}],"version-history":[{"count":1,"href":"https:\/\/hegering-plettenberg.de\/index.php?rest_route=\/wp\/v2\/pages\/33\/revisions"}],"predecessor-version":[{"id":1339,"href":"https:\/\/hegering-plettenberg.de\/index.php?rest_route=\/wp\/v2\/pages\/33\/revisions\/1339"}],"wp:attachment":[{"href":"https:\/\/hegering-plettenberg.de\/index.php?rest_route=%2Fwp%2Fv2%2Fmedia&parent=33"}],"curies":[{"name":"wp","href":"https:\/\/api.w.org\/{rel}","templated":true}]}}