{"id":520,"date":"2021-03-08T19:00:52","date_gmt":"2021-03-08T18:00:52","guid":{"rendered":"https:\/\/hegering-plettenberg.de\/?page_id=520"},"modified":"2023-05-21T09:11:35","modified_gmt":"2023-05-21T07:11:35","slug":"oeffentlichkeitsarbeit","status":"publish","type":"page","link":"https:\/\/hegering-plettenberg.de\/?page_id=520","title":{"rendered":"\u00d6ffentlichkeitsarbeit"},"content":{"rendered":"\n<p><\/p>\n\n\n<div class=\"wp-block-image\">\n<figure class=\"aligncenter size-large is-resized\"><img loading=\"lazy\" decoding=\"async\" src=\"https:\/\/hegering-plettenberg.de\/wp-content\/uploads\/2021\/03\/IMG_9845-e1590829973719-edited.jpg\" alt=\"\" class=\"wp-image-521\" width=\"433\" height=\"270\" srcset=\"https:\/\/hegering-plettenberg.de\/wp-content\/uploads\/2021\/03\/IMG_9845-e1590829973719-edited.jpg 2274w, https:\/\/hegering-plettenberg.de\/wp-content\/uploads\/2021\/03\/IMG_9845-e1590829973719-edited-300x187.jpg 300w, https:\/\/hegering-plettenberg.de\/wp-content\/uploads\/2021\/03\/IMG_9845-e1590829973719-edited-1024x640.jpg 1024w, https:\/\/hegering-plettenberg.de\/wp-content\/uploads\/2021\/03\/IMG_9845-e1590829973719-edited-768x480.jpg 768w, https:\/\/hegering-plettenberg.de\/wp-content\/uploads\/2021\/03\/IMG_9845-e1590829973719-edited-1536x960.jpg 1536w, https:\/\/hegering-plettenberg.de\/wp-content\/uploads\/2021\/03\/IMG_9845-e1590829973719-edited-2048x1280.jpg 2048w\" sizes=\"auto, (max-width: 433px) 100vw, 433px\" \/><\/figure>\n<\/div>\n\n\n<p><strong>Welches Wildtier ist das? Oder Welcher Baum steht dort?<\/strong> \u2013 Fragen wie diese bekommen wir J\u00e4ger h\u00e4ufig gestellt und die Antworten kennen wir selbstverst\u00e4ndlich. Gerne helfen wir daher mit Wissen, Pr\u00e4paraten und Informationen zur Natur und den Wildtieren weiter.<\/p>\n\n\n\n<p><strong>,,Lernen mit allen Sinnen\u201c<\/strong> steht bei uns im Vordergrund. Durch unsere Kreiseigene, von J\u00e4gern ehrenamtlich unterhaltene Waldschule und der Hegeringinternen Materialsammlung, k\u00f6nnen wir mittels diverser Pr\u00e4parate, angefangen vom Kitz bis Fuchs, von der Ente bis zum Bussard, vom Geweih bis zum Fell, jedes Detail zum Aussehen Hautnah erkl\u00e4ren. Nat\u00fcrlich d\u00fcrfen ausgew\u00e4hlte Pr\u00e4parate auch gestreichelt werden. Unsere Erl\u00e4uterungen befassen sich ebenfalls ausf\u00fchrlich mit der Lebensweise, den Habitaten und den Besonderheiten der jeweiligen Arten. Gespickt mit einigen live vor zu f\u00fchrenden Laut\u00e4u\u00dferungen der Tiere, schaffen wir eine realit\u00e4tsgetreue Vorstellung der Thematik. Zudem werden anhand von Schautafeln und Handouts, oder bei Wunsch auch mittels medialer Unterst\u00fctzung, naturelle Zusammenh\u00e4nge und Erg\u00e4nzendes umfassend vermittelt. <\/p>\n\n\n\n<figure class=\"wp-block-gallery has-nested-images columns-default is-cropped wp-block-gallery-1 is-layout-flex wp-block-gallery-is-layout-flex\">\n<figure class=\"wp-block-image size-large\"><img loading=\"lazy\" decoding=\"async\" width=\"1024\" height=\"768\" data-id=\"217\" src=\"https:\/\/hegering-plettenberg.de\/wp-content\/uploads\/2019\/09\/PHOTO-2019-09-09-16-36-39-1-1024x768.jpg\" alt=\"\" class=\"wp-image-217\" srcset=\"https:\/\/hegering-plettenberg.de\/wp-content\/uploads\/2019\/09\/PHOTO-2019-09-09-16-36-39-1-1024x768.jpg 1024w, https:\/\/hegering-plettenberg.de\/wp-content\/uploads\/2019\/09\/PHOTO-2019-09-09-16-36-39-1-300x225.jpg 300w, https:\/\/hegering-plettenberg.de\/wp-content\/uploads\/2019\/09\/PHOTO-2019-09-09-16-36-39-1-768x576.jpg 768w, https:\/\/hegering-plettenberg.de\/wp-content\/uploads\/2019\/09\/PHOTO-2019-09-09-16-36-39-1.jpg 1600w\" sizes=\"auto, (max-width: 767px) 89vw, (max-width: 1000px) 54vw, (max-width: 1071px) 543px, 580px\" \/><\/figure>\n\n\n\n<figure class=\"wp-block-image size-large\"><img loading=\"lazy\" decoding=\"async\" width=\"1024\" height=\"768\" data-id=\"219\" src=\"https:\/\/hegering-plettenberg.de\/wp-content\/uploads\/2019\/09\/PHOTO-2019-09-09-16-36-39-3-1024x768.jpg\" alt=\"\" class=\"wp-image-219\" srcset=\"https:\/\/hegering-plettenberg.de\/wp-content\/uploads\/2019\/09\/PHOTO-2019-09-09-16-36-39-3-1024x768.jpg 1024w, https:\/\/hegering-plettenberg.de\/wp-content\/uploads\/2019\/09\/PHOTO-2019-09-09-16-36-39-3-300x225.jpg 300w, https:\/\/hegering-plettenberg.de\/wp-content\/uploads\/2019\/09\/PHOTO-2019-09-09-16-36-39-3-768x576.jpg 768w, https:\/\/hegering-plettenberg.de\/wp-content\/uploads\/2019\/09\/PHOTO-2019-09-09-16-36-39-3.jpg 1600w\" sizes=\"auto, (max-width: 767px) 89vw, (max-width: 1000px) 54vw, (max-width: 1071px) 543px, 580px\" \/><\/figure>\n<figcaption class=\"blocks-gallery-caption wp-element-caption\">Wildtierexemplare aus dem Waldschulanh\u00e4nger der M\u00e4rkischen Kreisj\u00e4gerschaft&nbsp;<\/figcaption><\/figure>\n\n\n\n<p>Selbstverst\u00e4ndlich k\u00f6nnen Ihnen die J\u00e4ger ebenfalls mit einem umfangreichen Repertoire an der heimischen Flora und Fauna, dem Wald- und Forstbau, sowie der landwirtschaftlichen Nutzung dienen. Auch \u00fcber die Jagd und ihre Notwendigkeit, sowie den von uns ehrenamtlichen und aktiv betrieben Naturschutz berichten wir bei Bedarf mit Vergn\u00fcgen. <\/p>\n\n\n\n<p>Ganz gleich ob f\u00fcr einen <strong>Kindergarten- oder Schulbesuch<\/strong>, eine <strong>Vorf\u00fchrung im Seniorenheim<\/strong>, auf der <strong>Plettenberger Woche <\/strong>oder bei einer <strong>Vereinsveranstaltung<\/strong>, wir stimmen unser Konzept gerne auf die W\u00fcnsche und Bed\u00fcrfnisse unserer Zuh\u00f6rer ab. <\/p>\n\n\n\n<div class=\"wp-block-group\"><div class=\"wp-block-group__inner-container is-layout-flow wp-block-group-is-layout-flow\">\n<figure class=\"wp-block-gallery has-nested-images columns-default is-cropped wp-block-gallery-2 is-layout-flex wp-block-gallery-is-layout-flex\">\n<figure class=\"wp-block-image size-large\"><img loading=\"lazy\" decoding=\"async\" width=\"1024\" height=\"779\" data-id=\"519\" src=\"https:\/\/hegering-plettenberg.de\/wp-content\/uploads\/2021\/03\/Bild-3-Waldschule-1024x779.jpeg\" alt=\"\" class=\"wp-image-519\" srcset=\"https:\/\/hegering-plettenberg.de\/wp-content\/uploads\/2021\/03\/Bild-3-Waldschule-1024x779.jpeg 1024w, https:\/\/hegering-plettenberg.de\/wp-content\/uploads\/2021\/03\/Bild-3-Waldschule-300x228.jpeg 300w, https:\/\/hegering-plettenberg.de\/wp-content\/uploads\/2021\/03\/Bild-3-Waldschule-768x584.jpeg 768w, https:\/\/hegering-plettenberg.de\/wp-content\/uploads\/2021\/03\/Bild-3-Waldschule.jpeg 1479w\" sizes=\"auto, (max-width: 767px) 89vw, (max-width: 1000px) 54vw, (max-width: 1071px) 543px, 580px\" \/><\/figure>\n\n\n\n<figure class=\"wp-block-image size-large\"><img loading=\"lazy\" decoding=\"async\" width=\"1024\" height=\"768\" data-id=\"218\" src=\"https:\/\/hegering-plettenberg.de\/wp-content\/uploads\/2019\/09\/PHOTO-2019-09-09-16-36-39-2-1024x768.jpg\" alt=\"\" class=\"wp-image-218\" srcset=\"https:\/\/hegering-plettenberg.de\/wp-content\/uploads\/2019\/09\/PHOTO-2019-09-09-16-36-39-2-1024x768.jpg 1024w, https:\/\/hegering-plettenberg.de\/wp-content\/uploads\/2019\/09\/PHOTO-2019-09-09-16-36-39-2-300x225.jpg 300w, https:\/\/hegering-plettenberg.de\/wp-content\/uploads\/2019\/09\/PHOTO-2019-09-09-16-36-39-2-768x576.jpg 768w, https:\/\/hegering-plettenberg.de\/wp-content\/uploads\/2019\/09\/PHOTO-2019-09-09-16-36-39-2.jpg 1600w\" sizes=\"auto, (max-width: 767px) 89vw, (max-width: 1000px) 54vw, (max-width: 1071px) 543px, 580px\" \/><\/figure>\n\n\n\n<figure class=\"wp-block-image size-large\"><img loading=\"lazy\" decoding=\"async\" width=\"1024\" height=\"768\" data-id=\"216\" src=\"https:\/\/hegering-plettenberg.de\/wp-content\/uploads\/2019\/09\/PHOTO-2019-09-09-16-36-31-1024x768.jpg\" alt=\"\" class=\"wp-image-216\" srcset=\"https:\/\/hegering-plettenberg.de\/wp-content\/uploads\/2019\/09\/PHOTO-2019-09-09-16-36-31-1024x768.jpg 1024w, https:\/\/hegering-plettenberg.de\/wp-content\/uploads\/2019\/09\/PHOTO-2019-09-09-16-36-31-300x225.jpg 300w, https:\/\/hegering-plettenberg.de\/wp-content\/uploads\/2019\/09\/PHOTO-2019-09-09-16-36-31-768x576.jpg 768w, https:\/\/hegering-plettenberg.de\/wp-content\/uploads\/2019\/09\/PHOTO-2019-09-09-16-36-31.jpg 1600w\" sizes=\"auto, (max-width: 767px) 89vw, (max-width: 1000px) 54vw, (max-width: 1071px) 543px, 580px\" \/><\/figure>\n<figcaption class=\"blocks-gallery-caption wp-element-caption\">Unser Hegeringstand mit der Waldschule in den Jahren 2017-2019<\/figcaption><\/figure>\n<\/div><\/div>\n\n\n\n<p><strong>Neugierig geworden?<\/strong> Wenn Sie f\u00fcr ihre Einrichtung oder Ihren Verein Interesse an einer naturnahen Vorf\u00fchrung der heimischen Tier- und Pflanzenwelt haben, dann kontaktieren Sie uns gerne per Mail. <em>(p.plassmann@hegering-plettenberg.de)<\/em> Alles Weitere folgt nach pers\u00f6nlicher Absprache. <\/p>\n\n\n\n<p><strong>Und die Kosten f\u00fcr ein Besuch?<\/strong> Da uns J\u00e4gern unser aller Natur und die darin lebenden Wildtiere sehr am Herzen liegen, sehen wir es als unseren Auftrag, unser umfangreiches Wissen gerne und vor allem kostenlos an die Mitb\u00fcrgerinnen und Mitb\u00fcrger weiterzugeben. Wir arbeiten&nbsp;tagt\u00e4glich hingebungsvoll&nbsp;f\u00fcr den Schutz und den Fortbestand unserer W\u00e4lder, Felder und Habitate und m\u00f6chten so Verst\u00e4ndnis, Respekt und R\u00fccksichtnahme f\u00fcr die Natur und ihre Bed\u00fcrfnisse wecken. \u00dcber eine freiwillige Spende zur Erhaltung und den Ausbau unserer Lehrsammlung w\u00fcrden wir uns jedoch sehr freuen. <\/p>\n\n\n\n<p>Zus\u00e4tzlich&nbsp;m\u00f6chten wir in Zukunft weitere Veranstaltungen f\u00fcr Gruppen und Familien im Rahmen unserer <strong>,,Wald und Wild \u2013 Wochen&#8220;<\/strong> anbieten. Geplant werden bspw. gef\u00fchrte Ausfl\u00fcge in Wildparks oder Wanderungen vor Ort, mit besonderem Augenmerk auf die Spuren unserer Wildtiere links und rechts des Weges. Dazu und \u00fcber die Teilnahmebedingungen&nbsp;erfahren Sie hier bei uns auf der Homepage (unter \u00d6ffentlichkeitsarbeit und Termine) oder aus der Zeitung rechtzeitig mehr. <\/p>\n\n\n\n<p><strong>Wir freuen uns auf Sie und Ihr Interesse<\/strong> und verbleiben brauchtumsgerecht mit einem herzlichen Waidmannsheil.<\/p>\n\n\n\n<h6 class=\"wp-block-heading\"><\/h6>\n\n\n\n<div data-wp-interactive=\"core\/file\" class=\"wp-block-file\"><object data-wp-bind--hidden=\"!state.hasPdfPreview\" hidden class=\"wp-block-file__embed\" data=\"https:\/\/hegering-plettenberg.de\/wp-content\/uploads\/2023\/05\/Suederlaender-Tageblatt-19.05.202310-Waldschule-1.pdf\" type=\"application\/pdf\" style=\"width:100%;height:600px\" aria-label=\"Einbettung von Suederlaender-Tageblatt-19.05.202310-Waldschule-1.\"><\/object><a id=\"wp-block-file--media-5e55f258-6e77-4ec1-a833-e317b85c6967\" href=\"https:\/\/hegering-plettenberg.de\/wp-content\/uploads\/2023\/05\/Suederlaender-Tageblatt-19.05.202310-Waldschule-1.pdf\">Suederlaender-Tageblatt-19.05.202310-Waldschule-1<\/a><a href=\"https:\/\/hegering-plettenberg.de\/wp-content\/uploads\/2023\/05\/Suederlaender-Tageblatt-19.05.202310-Waldschule-1.pdf\" class=\"wp-block-file__button wp-element-button\" download aria-describedby=\"wp-block-file--media-5e55f258-6e77-4ec1-a833-e317b85c6967\">Herunterladen<\/a><\/div>\n\n\n\n<p class=\"has-small-font-size\">Unsere Rollende Waldschule ist auch bei den Kindern \u00e4u\u00dferst beliebt, wie man  dem S\u00fcderl\u00e4nder Tageblatt lesen kann.<\/p>\n\n\n\n<div data-wp-interactive=\"core\/file\" class=\"wp-block-file\"><object data-wp-bind--hidden=\"!state.hasPdfPreview\" hidden class=\"wp-block-file__embed\" data=\"https:\/\/hegering-plettenberg.de\/wp-content\/uploads\/2023\/05\/Suederlaender-Tageblatt-19.05.20239-Rehkitz-Drone.pdf\" type=\"application\/pdf\" style=\"width:100%;height:600px\" aria-label=\"Einbettung von Ein wichtiger Zeitungsartikel, zeigt er doch ein positives Bild der J\u00e4ger.\"><\/object><a id=\"wp-block-file--media-4e19e682-b297-4406-8576-bd654ed369e7\" href=\"https:\/\/hegering-plettenberg.de\/wp-content\/uploads\/2023\/05\/Suederlaender-Tageblatt-19.05.20239-Rehkitz-Drone.pdf\">Ein wichtiger Zeitungsartikel, zeigt er doch ein positives Bild der J\u00e4ger<\/a><a href=\"https:\/\/hegering-plettenberg.de\/wp-content\/uploads\/2023\/05\/Suederlaender-Tageblatt-19.05.20239-Rehkitz-Drone.pdf\" class=\"wp-block-file__button wp-element-button\" download aria-describedby=\"wp-block-file--media-4e19e682-b297-4406-8576-bd654ed369e7\">Herunterladen<\/a><\/div>\n\n\n\n<figure class=\"wp-block-image size-large is-resized\"><img loading=\"lazy\" decoding=\"async\" src=\"https:\/\/hegering-plettenberg.de\/wp-content\/uploads\/2019\/08\/IMG-20180909-PWEG-2018-1024x768.jpg\" alt=\"\" class=\"wp-image-205\" width=\"429\" height=\"315\"\/><figcaption class=\"wp-element-caption\">Die traditionellen Auftritte unseres gro\u00dfen Bl\u00e4sercorps beim P-Wegmarathon sind immer ein Highlight.<\/figcaption><\/figure>\n\n\n\n<figure class=\"wp-block-image size-large is-resized\"><img loading=\"lazy\" decoding=\"async\" src=\"https:\/\/hegering-plettenberg.de\/wp-content\/uploads\/2019\/09\/PHOTO-2019-09-09-16-36-39-4-1-1024x768.jpg\" alt=\"\" class=\"wp-image-221\" width=\"429\" height=\"322\" srcset=\"https:\/\/hegering-plettenberg.de\/wp-content\/uploads\/2019\/09\/PHOTO-2019-09-09-16-36-39-4-1-1024x768.jpg 1024w, https:\/\/hegering-plettenberg.de\/wp-content\/uploads\/2019\/09\/PHOTO-2019-09-09-16-36-39-4-1-300x225.jpg 300w, https:\/\/hegering-plettenberg.de\/wp-content\/uploads\/2019\/09\/PHOTO-2019-09-09-16-36-39-4-1-768x576.jpg 768w, https:\/\/hegering-plettenberg.de\/wp-content\/uploads\/2019\/09\/PHOTO-2019-09-09-16-36-39-4-1.jpg 1600w\" sizes=\"auto, (max-width: 429px) 100vw, 429px\" \/><figcaption class=\"wp-element-caption\">Gro\u00dfes Konzert bei der Plettenberger Woche 2019<\/figcaption><\/figure>\n\n\n\n<figure class=\"wp-block-image size-large is-resized\"><img loading=\"lazy\" decoding=\"async\" src=\"https:\/\/hegering-plettenberg.de\/wp-content\/uploads\/2021\/03\/Bild-1-Waldschule-1024x614.jpeg\" alt=\"\" class=\"wp-image-517\" width=\"432\" height=\"257\"\/><figcaption class=\"wp-element-caption\">Viel los ist in jedem Jahr am Stand der Walschule auf der Plettenberger Woche. Grade f\u00fcr die Kinder ist es immer ein tolles Erlebnis.<\/figcaption><\/figure>\n","protected":false},"excerpt":{"rendered":"<p>Welches Wildtier ist das? Oder Welcher Baum steht dort? \u2013 Fragen wie diese bekommen wir J\u00e4ger h\u00e4ufig gestellt und die Antworten kennen wir selbstverst\u00e4ndlich. Gerne helfen wir daher mit Wissen, &hellip; <\/p>\n<p class=\"link-more\"><a href=\"https:\/\/hegering-plettenberg.de\/?page_id=520\" class=\"more-link\"><span class=\"screen-reader-text\">\u201e\u00d6ffentlichkeitsarbeit\u201c <\/span>weiterlesen<\/a><\/p>\n","protected":false},"author":4,"featured_media":0,"parent":0,"menu_order":0,"comment_status":"closed","ping_status":"closed","template":"","meta":{"ngg_post_thumbnail":0,"footnotes":""},"class_list":["post-520","page","type-page","status-publish","hentry"],"_links":{"self":[{"href":"https:\/\/hegering-plettenberg.de\/index.php?rest_route=\/wp\/v2\/pages\/520","targetHints":{"allow":["GET"]}}],"collection":[{"href":"https:\/\/hegering-plettenberg.de\/index.php?rest_route=\/wp\/v2\/pages"}],"about":[{"href":"https:\/\/hegering-plettenberg.de\/index.php?rest_route=\/wp\/v2\/types\/page"}],"author":[{"embeddable":true,"href":"https:\/\/hegering-plettenberg.de\/index.php?rest_route=\/wp\/v2\/users\/4"}],"replies":[{"embeddable":true,"href":"https:\/\/hegering-plettenberg.de\/index.php?rest_route=%2Fwp%2Fv2%2Fcomments&post=520"}],"version-history":[{"count":0,"href":"https:\/\/hegering-plettenberg.de\/index.php?rest_route=\/wp\/v2\/pages\/520\/revisions"}],"wp:attachment":[{"href":"https:\/\/hegering-plettenberg.de\/index.php?rest_route=%2Fwp%2Fv2%2Fmedia&parent=520"}],"curies":[{"name":"wp","href":"https:\/\/api.w.org\/{rel}","templated":true}]}}