{"id":551,"date":"2021-05-22T10:12:02","date_gmt":"2021-05-22T09:12:02","guid":{"rendered":"https:\/\/hegering-plettenberg.de\/?page_id=551"},"modified":"2022-08-10T10:01:53","modified_gmt":"2022-08-10T09:01:53","slug":"impressum","status":"publish","type":"page","link":"https:\/\/hegering-plettenberg.de\/?page_id=551","title":{"rendered":"Impressum"},"content":{"rendered":"\n<p><strong>Hegering Plettenberg<\/strong><\/p>\n\n\n\n<p>1. Vorsitzender:<br>Philip Plassmann<br>Dorfstr. 74<br>D-58840 Plettenberg<br>Email: p.plassmann@hegering-plettenberg.de<\/p>\n\n\n\n<p><\/p>\n\n\n\n<p><\/p>\n\n\n\n<p><\/p>\n\n\n\n<p><\/p>\n\n\n\n<p><\/p>\n\n\n\n<p><\/p>\n\n\n\n<p>Haftungshinweis:<br>Trotz sorgf\u00e4ltiger inhaltlicher Kontrolle \u00fcbernehmen wir keine Haftung f\u00fcr die Inhalte externer Links. F\u00fcr den Inhalt der verlinkten Seiten sind ausschliesslich deren Betreiber verantwortlich.<\/p>\n","protected":false},"excerpt":{"rendered":"<p>Hegering Plettenberg 1. Vorsitzender:Philip PlassmannDorfstr. 74D-58840 PlettenbergEmail: p.plassmann@hegering-plettenberg.de Haftungshinweis:Trotz sorgf\u00e4ltiger inhaltlicher Kontrolle \u00fcbernehmen wir keine Haftung f\u00fcr die Inhalte externer Links. F\u00fcr den Inhalt der verlinkten Seiten sind ausschliesslich deren &hellip; <\/p>\n<p class=\"link-more\"><a href=\"https:\/\/hegering-plettenberg.de\/?page_id=551\" class=\"more-link\"><span class=\"screen-reader-text\">\u201eImpressum\u201c <\/span>weiterlesen<\/a><\/p>\n","protected":false},"author":1,"featured_media":0,"parent":0,"menu_order":0,"comment_status":"closed","ping_status":"closed","template":"","meta":{"ngg_post_thumbnail":0,"footnotes":""},"class_list":["post-551","page","type-page","status-publish","hentry"],"_links":{"self":[{"href":"https:\/\/hegering-plettenberg.de\/index.php?rest_route=\/wp\/v2\/pages\/551","targetHints":{"allow":["GET"]}}],"collection":[{"href":"https:\/\/hegering-plettenberg.de\/index.php?rest_route=\/wp\/v2\/pages"}],"about":[{"href":"https:\/\/hegering-plettenberg.de\/index.php?rest_route=\/wp\/v2\/types\/page"}],"author":[{"embeddable":true,"href":"https:\/\/hegering-plettenberg.de\/index.php?rest_route=\/wp\/v2\/users\/1"}],"replies":[{"embeddable":true,"href":"https:\/\/hegering-plettenberg.de\/index.php?rest_route=%2Fwp%2Fv2%2Fcomments&post=551"}],"version-history":[{"count":0,"href":"https:\/\/hegering-plettenberg.de\/index.php?rest_route=\/wp\/v2\/pages\/551\/revisions"}],"wp:attachment":[{"href":"https:\/\/hegering-plettenberg.de\/index.php?rest_route=%2Fwp%2Fv2%2Fmedia&parent=551"}],"curies":[{"name":"wp","href":"https:\/\/api.w.org\/{rel}","templated":true}]}}