{"id":744,"date":"2023-02-01T08:09:30","date_gmt":"2023-02-01T07:09:30","guid":{"rendered":"https:\/\/hegering-plettenberg.de\/?page_id=744"},"modified":"2023-02-01T08:09:30","modified_gmt":"2023-02-01T07:09:30","slug":"aufnahmeantrag","status":"publish","type":"page","link":"https:\/\/hegering-plettenberg.de\/?page_id=744","title":{"rendered":"Aufnahmeantrag"},"content":{"rendered":"\n<p>Hier findet ihr den Aufnahmeantrag in den Hegering Plettenberg. Schickt diesen bitte ausgef\u00fcllt an <a href=\"mailto:info@hegering-plettenberg.de\">info@hegering-plettenberg.de<\/a>. Wir freuen uns \u00fcber jedes neue Mitglied und hei\u00dfen euch herzlich im Kreise der Plettenberger J\u00e4gerschaft willkommen. Waidmannsheil!<\/p>\n\n\n\n<div data-wp-interactive=\"core\/file\" class=\"wp-block-file\"><object data-wp-bind--hidden=\"!state.hasPdfPreview\" hidden class=\"wp-block-file__embed\" data=\"https:\/\/hegering-plettenberg.de\/wp-content\/uploads\/2023\/02\/Aufnahmeantrag_Hegering_Plettenberg.pdf\" type=\"application\/pdf\" style=\"width:100%;height:600px\" aria-label=\"Einbettung von Aufnahmeantrag Hegering Plettenberg.\"><\/object><a id=\"wp-block-file--media-da7ba60b-5d00-4298-b984-6ec09b2f7b6a\" href=\"https:\/\/hegering-plettenberg.de\/wp-content\/uploads\/2023\/02\/Aufnahmeantrag_Hegering_Plettenberg.pdf\">Aufnahmeantrag Hegering Plettenberg<\/a><a href=\"https:\/\/hegering-plettenberg.de\/wp-content\/uploads\/2023\/02\/Aufnahmeantrag_Hegering_Plettenberg.pdf\" class=\"wp-block-file__button wp-element-button\" download aria-describedby=\"wp-block-file--media-da7ba60b-5d00-4298-b984-6ec09b2f7b6a\">Herunterladen<\/a><\/div>\n","protected":false},"excerpt":{"rendered":"<p>Hier findet ihr den Aufnahmeantrag in den Hegering Plettenberg. Schickt diesen bitte ausgef\u00fcllt an info@hegering-plettenberg.de. Wir freuen uns \u00fcber jedes neue Mitglied und hei\u00dfen euch herzlich im Kreise der Plettenberger &hellip; <\/p>\n<p class=\"link-more\"><a href=\"https:\/\/hegering-plettenberg.de\/?page_id=744\" class=\"more-link\"><span class=\"screen-reader-text\">\u201eAufnahmeantrag\u201c <\/span>weiterlesen<\/a><\/p>\n","protected":false},"author":1,"featured_media":0,"parent":0,"menu_order":0,"comment_status":"closed","ping_status":"closed","template":"","meta":{"ngg_post_thumbnail":0,"footnotes":""},"class_list":["post-744","page","type-page","status-publish","hentry"],"_links":{"self":[{"href":"https:\/\/hegering-plettenberg.de\/index.php?rest_route=\/wp\/v2\/pages\/744","targetHints":{"allow":["GET"]}}],"collection":[{"href":"https:\/\/hegering-plettenberg.de\/index.php?rest_route=\/wp\/v2\/pages"}],"about":[{"href":"https:\/\/hegering-plettenberg.de\/index.php?rest_route=\/wp\/v2\/types\/page"}],"author":[{"embeddable":true,"href":"https:\/\/hegering-plettenberg.de\/index.php?rest_route=\/wp\/v2\/users\/1"}],"replies":[{"embeddable":true,"href":"https:\/\/hegering-plettenberg.de\/index.php?rest_route=%2Fwp%2Fv2%2Fcomments&post=744"}],"version-history":[{"count":0,"href":"https:\/\/hegering-plettenberg.de\/index.php?rest_route=\/wp\/v2\/pages\/744\/revisions"}],"wp:attachment":[{"href":"https:\/\/hegering-plettenberg.de\/index.php?rest_route=%2Fwp%2Fv2%2Fmedia&parent=744"}],"curies":[{"name":"wp","href":"https:\/\/api.w.org\/{rel}","templated":true}]}}