{"id":9,"date":"2019-01-24T18:09:02","date_gmt":"2019-01-24T17:09:02","guid":{"rendered":"http:\/\/hegering-plettenberg.de\/?page_id=9"},"modified":"2026-04-14T11:09:57","modified_gmt":"2026-04-14T09:09:57","slug":"vorstand","status":"publish","type":"page","link":"https:\/\/hegering-plettenberg.de\/?page_id=9","title":{"rendered":"Vorstand"},"content":{"rendered":"\n<p><strong>Vorsitzender:<\/strong><br>Philip Plassmann<br><a href=\"mailto:p.plassmann@hegering-plettenberg.de\">p.plassmann@hegering-plettenberg.de<\/a><br><\/p>\n\n\n\n<p><strong>Stellvertretender Vorsitzender<\/strong>:<br>Paulo Germano<br><a href=\"mailto:p.germano@hegering-plettenberg.de\">p.germano@hegering-plettenberg.de<\/a> <\/p>\n\n\n\n<p><\/p>\n\n\n\n<p><strong>Schriftf\u00fchrer:<\/strong><br>Kay H\u00f6mberg<br><a href=\"mailto:k.hoemberg@hegering-plettenberg.de\">k.hoemberg@hegering-plettenberg.de<\/a><br><\/p>\n\n\n\n<p><strong>Schatzmeister:<\/strong><br>Dennis Seuthe<br><a href=\"mailto:v.maintz@hegering-plettenberg.de\">d.seuthe@hegering-plettenberg.de<\/a><br><\/p>\n\n\n\n<p><strong>Stellvertretender Schatzmeister:<\/strong><br>Lorenz Klimesch<br><a href=\"mailto:d.seuthe@hegering-plettenberg.de\">l.klimesch@hegering-plettenberg.de<\/a><br><\/p>\n\n\n\n<p><strong>\u00d6ffentlichkeitsarbeit:<\/strong><br>Oliver Thole<br><a href=\"mailto:o.thole@hegering-plettenberg.de\">o.thole@hegering-plettenberg.de<\/a><br><\/p>\n\n\n\n<p><strong>Biotop und Naturschutz:<\/strong><br>Michael Kegelmann<br><\/p>\n\n\n\n<p><strong>Schie\u00dfwesen:<\/strong><br>Stefan Grote<br><a href=\"mailto:s.grote@hegering-plettenberg.de\">s.grote@hegering-plettenberg.de<\/a><br><\/p>\n\n\n\n<p><strong>Hundewesen:<\/strong><br>Christine Lips<br><\/p>\n\n\n\n<p>Christian Sobczak<br><br><\/p>\n\n\n\n<p><strong>Jagdliches Brauchtum und<\/strong> <strong>Leitung des Bl\u00e4sercorps:&nbsp;<\/strong><br>Gundel Bank<br><a href=\"mailto:g.bank@hegering-plettenberg.de\">g.bank@hegering-plettenberg.de<\/a><\/p>\n\n\n\n<p>\u00dcbungsabend des Bl\u00e4sercorps jeden Montag im B\u00fcrgerhaus in der Bremcke, <br>Grundgasse 9, 58840 Plettenberg<br>https:\/\/maps.app.goo.gl\/aTyoL6mtpoiJgJsN8<\/p>\n\n\n\n<p>Anf\u00e4nger und Wieder-Einsteiger: 18.30 &#8211; 19.30 Uhr<br>Fortgeschrittene: 19.30 &#8211; 21.30 Uhr<\/p>\n\n\n\n<p><br><strong>Junge J\u00e4ger:<\/strong><br>Luisa Brinker<br><\/p>\n\n\n\n<p>Lorenz Klimesch<br><a href=\"mailto:l.klimesch@hegering-plettenberg.de\">l.klimesch@hegering-plettenberg.de<\/a><\/p>\n","protected":false},"excerpt":{"rendered":"<p>Vorsitzender:Philip Plassmannp.plassmann@hegering-plettenberg.de Stellvertretender Vorsitzender:Paulo Germanop.germano@hegering-plettenberg.de Schriftf\u00fchrer:Kay H\u00f6mbergk.hoemberg@hegering-plettenberg.de Schatzmeister:Dennis Seuthed.seuthe@hegering-plettenberg.de Stellvertretender Schatzmeister:Lorenz Klimeschl.klimesch@hegering-plettenberg.de \u00d6ffentlichkeitsarbeit:Oliver Tholeo.thole@hegering-plettenberg.de Biotop und Naturschutz:Michael Kegelmann Schie\u00dfwesen:Stefan Grotes.grote@hegering-plettenberg.de Hundewesen:Christine Lips Christian Sobczak Jagdliches Brauchtum und Leitung des Bl\u00e4sercorps:&nbsp;Gundel &hellip; <\/p>\n<p class=\"link-more\"><a href=\"https:\/\/hegering-plettenberg.de\/?page_id=9\" class=\"more-link\"><span class=\"screen-reader-text\">\u201eVorstand\u201c <\/span>weiterlesen<\/a><\/p>\n","protected":false},"author":1,"featured_media":0,"parent":0,"menu_order":0,"comment_status":"closed","ping_status":"closed","template":"","meta":{"ngg_post_thumbnail":0,"footnotes":""},"class_list":["post-9","page","type-page","status-publish","hentry"],"_links":{"self":[{"href":"https:\/\/hegering-plettenberg.de\/index.php?rest_route=\/wp\/v2\/pages\/9","targetHints":{"allow":["GET"]}}],"collection":[{"href":"https:\/\/hegering-plettenberg.de\/index.php?rest_route=\/wp\/v2\/pages"}],"about":[{"href":"https:\/\/hegering-plettenberg.de\/index.php?rest_route=\/wp\/v2\/types\/page"}],"author":[{"embeddable":true,"href":"https:\/\/hegering-plettenberg.de\/index.php?rest_route=\/wp\/v2\/users\/1"}],"replies":[{"embeddable":true,"href":"https:\/\/hegering-plettenberg.de\/index.php?rest_route=%2Fwp%2Fv2%2Fcomments&post=9"}],"version-history":[{"count":4,"href":"https:\/\/hegering-plettenberg.de\/index.php?rest_route=\/wp\/v2\/pages\/9\/revisions"}],"predecessor-version":[{"id":1341,"href":"https:\/\/hegering-plettenberg.de\/index.php?rest_route=\/wp\/v2\/pages\/9\/revisions\/1341"}],"wp:attachment":[{"href":"https:\/\/hegering-plettenberg.de\/index.php?rest_route=%2Fwp%2Fv2%2Fmedia&parent=9"}],"curies":[{"name":"wp","href":"https:\/\/api.w.org\/{rel}","templated":true}]}}